{"id":4892,"date":"2024-04-27T17:59:22","date_gmt":"2024-04-27T16:59:22","guid":{"rendered":"https:\/\/fullcontrolgroup.com\/?page_id=4892"},"modified":"2024-05-01T17:23:16","modified_gmt":"2024-05-01T16:23:16","slug":"conseil","status":"publish","type":"page","link":"https:\/\/fullcontrolgroup.com\/index.php\/conseil\/","title":{"rendered":"Conseil"},"content":{"rendered":"\t\t<div data-elementor-type=\"wp-page\" data-elementor-id=\"4892\" class=\"elementor elementor-4892\">\n\t\t\t\t\t\t\t        <section class=\"elementor-section elementor-top-section elementor-element elementor-element-26dc849 elementor-section-boxed elementor-section-height-default elementor-section-height-default ct-header-fixed-none ct-row-max-none\" data-id=\"26dc849\" data-element_type=\"section\">\n            \n                        <div class=\"elementor-container elementor-column-gap-default \">\n                    <div class=\"elementor-column elementor-col-50 elementor-top-column elementor-element elementor-element-a8b14d5\" data-id=\"a8b14d5\" data-element_type=\"column\">\n            <div class=\"elementor-widget-wrap elementor-element-populated\">\n                        \t\t<div class=\"elementor-element elementor-element-3d9b75c elementor-widget elementor-widget-image\" data-id=\"3d9b75c\" data-element_type=\"widget\" data-widget_type=\"image.default\">\n\t\t\t\t<div class=\"elementor-widget-container\">\n\t\t\t<style>\/*! elementor - v3.14.0 - 26-06-2023 *\/\n.elementor-widget-image{text-align:center}.elementor-widget-image a{display:inline-block}.elementor-widget-image a img[src$=\".svg\"]{width:48px}.elementor-widget-image img{vertical-align:middle;display:inline-block}<\/style>\t\t\t\t\t\t\t\t\t\t\t\t<img decoding=\"async\" width=\"640\" height=\"427\" src=\"https:\/\/fullcontrolgroup.com\/wp-content\/uploads\/2024\/04\/AdobeStock_178934963-1024x683.jpeg\" class=\"attachment-large size-large wp-image-4895\" alt=\"\" srcset=\"https:\/\/fullcontrolgroup.com\/wp-content\/uploads\/2024\/04\/AdobeStock_178934963-1024x683.jpeg 1024w, https:\/\/fullcontrolgroup.com\/wp-content\/uploads\/2024\/04\/AdobeStock_178934963-scaled-600x400.jpeg 600w, https:\/\/fullcontrolgroup.com\/wp-content\/uploads\/2024\/04\/AdobeStock_178934963-300x200.jpeg 300w, https:\/\/fullcontrolgroup.com\/wp-content\/uploads\/2024\/04\/AdobeStock_178934963-768x512.jpeg 768w, https:\/\/fullcontrolgroup.com\/wp-content\/uploads\/2024\/04\/AdobeStock_178934963-1536x1024.jpeg 1536w, https:\/\/fullcontrolgroup.com\/wp-content\/uploads\/2024\/04\/AdobeStock_178934963-2048x1365.jpeg 2048w\" sizes=\"(max-width: 640px) 100vw, 640px\" \/>\t\t\t\t\t\t\t\t\t\t\t\t\t\t\t<\/div>\n\t\t\t\t<\/div>\n\t\t            <\/div>\n        <\/div>\n                <div class=\"elementor-column elementor-col-50 elementor-top-column elementor-element elementor-element-799923d\" data-id=\"799923d\" data-element_type=\"column\" data-settings=\"{&quot;background_background&quot;:&quot;classic&quot;}\">\n            <div class=\"elementor-widget-wrap elementor-element-populated\">\n                        \t\t<div class=\"elementor-element elementor-element-a735d01 elementor-widget elementor-widget-ct_text_editor\" data-id=\"a735d01\" data-element_type=\"widget\" data-widget_type=\"ct_text_editor.default\">\n\t\t\t\t<div class=\"elementor-widget-container\">\n\t\t\t<div id=\"ct_text_editor-a735d01\" class=\"ct-text-editor \" data-wow-delay=\"ms\">\n\t<div class=\"ct-inline-css\"  data-css=\"\n        \t\t\">\n\n    <\/div>\n\t<div class=\"ct-text-editor elementor-clearfix\">\n\t\t<p>Notre division conseil offre une gamme compl\u00e8te de services en cybers\u00e9curit\u00e9 pour r\u00e9pondre aux besoins vari\u00e9s de nos clients. Nous sommes sp\u00e9cialis\u00e9s dans les audits de s\u00e9curit\u00e9, les tests d&#8217;intrusion r\u00e9currents et les audits d&#8217;ing\u00e9nierie sociale pour identifier et att\u00e9nuer les vuln\u00e9rabilit\u00e9s potentielles. Nos experts vous guident \u00e9galement dans la mise en \u0153uvre des normes de s\u00e9curit\u00e9 telles que ISO 27001 et ISO 22301, ainsi que dans l&#8217;\u00e9laboration de plans de continuit\u00e9 des activit\u00e9s pour assurer la r\u00e9silience de votre entreprise<\/p>\t\t\n\t<\/div>\n<\/div>\t\t<\/div>\n\t\t\t\t<\/div>\n\t\t\t\t<div class=\"elementor-element elementor-element-db2b9ef elementor-widget elementor-widget-ct_button\" data-id=\"db2b9ef\" data-element_type=\"widget\" data-widget_type=\"ct_button.default\">\n\t\t\t\t<div class=\"elementor-widget-container\">\n\t\t\t<div class=\"ct-button-wrapper ct-button-layout1 icon- btn--inline \">\r\n            <span class=\"ct-icon-active\"><\/span>\r\n        <a href=\"https:\/\/fullcontrolgroup.com\/index.php\/contact-v-4\/\" class=\"btn btn-default icon-active btn-inline-block  \" data-wow-delay=\"ms\">\r\n                            <span class=\"ct-button-icon ct-align-icon-\">\r\n                            <\/span>\r\n                <span class=\"ct-button-text\">Obtenez un devis<\/span>\r\n    <\/a>\r\n<\/div>\t\t<\/div>\n\t\t\t\t<\/div>\n\t\t            <\/div>\n        <\/div>\n                            <\/div>\n        <\/section>\n                <section class=\"elementor-section elementor-top-section elementor-element elementor-element-e612c41 elementor-section-boxed elementor-section-height-default elementor-section-height-default ct-header-fixed-none ct-row-max-none\" data-id=\"e612c41\" data-element_type=\"section\">\n            \n                        <div class=\"elementor-container elementor-column-gap-default \">\n                    <div class=\"elementor-column elementor-col-100 elementor-top-column elementor-element elementor-element-ed9d7fd\" data-id=\"ed9d7fd\" data-element_type=\"column\">\n            <div class=\"elementor-widget-wrap elementor-element-populated\">\n                        \t\t<div class=\"elementor-element elementor-element-f3420e3 elementor-widget elementor-widget-ct_heading\" data-id=\"f3420e3\" data-element_type=\"widget\" data-widget_type=\"ct_heading.default\">\n\t\t\t\t<div class=\"elementor-widget-container\">\n\t\t\t<div class=\"ct-heading h-align-  sub-style1 ct-heading-left item-st-default\">\r\n\t    <h5 class=\"item--title st-default \" data-wow-delay=\"ms\">\r\n                <span class=\"sp-main\">\r\n            \r\n            Services complets de cybers\u00e9curit\u00e9\r\n            \r\n                    <\/span>\r\n            <\/h5>\r\n<\/div>\t\t<\/div>\n\t\t\t\t<\/div>\n\t\t            <\/div>\n        <\/div>\n                            <\/div>\n        <\/section>\n                <section class=\"elementor-section elementor-top-section elementor-element elementor-element-8102485 elementor-section-boxed elementor-section-height-default elementor-section-height-default ct-header-fixed-none ct-row-max-none\" data-id=\"8102485\" data-element_type=\"section\">\n            \n                        <div class=\"elementor-container elementor-column-gap-default \">\n                    <div class=\"elementor-column elementor-col-100 elementor-top-column elementor-element elementor-element-c27b98e\" data-id=\"c27b98e\" data-element_type=\"column\">\n            <div class=\"elementor-widget-wrap elementor-element-populated\">\n                        \t\t<div class=\"elementor-element elementor-element-928d09b elementor-widget elementor-widget-ct_text_editor\" data-id=\"928d09b\" data-element_type=\"widget\" data-widget_type=\"ct_text_editor.default\">\n\t\t\t\t<div class=\"elementor-widget-container\">\n\t\t\t<div id=\"ct_text_editor-928d09b\" class=\"ct-text-editor \" data-wow-delay=\"ms\">\n\t<div class=\"ct-inline-css\"  data-css=\"\n        \t\t\">\n\n    <\/div>\n\t<div class=\"ct-text-editor elementor-clearfix\">\n\t\t<div class=\"w-full text-token-text-primary\" dir=\"auto\" data-testid=\"conversation-turn-24\"><div class=\"px-4 py-2 justify-center text-base md:gap-6 m-auto\"><div class=\"flex flex-1 text-base mx-auto gap-3 juice:gap-4 juice:md:gap-6 md:px-5 lg:px-1 xl:px-5 md:max-w-3xl lg:max-w-[40rem] xl:max-w-[48rem]\"><div class=\"relative flex w-full min-w-0 flex-col\"><div class=\"flex-col gap-1 md:gap-3\"><div class=\"flex flex-grow flex-col max-w-full\"><div class=\"min-h-[20px] text-message flex flex-col items-start gap-3 whitespace-pre-wrap break-words [.text-message+&amp;]:mt-5 overflow-x-auto\" dir=\"auto\" data-message-author-role=\"user\" data-message-id=\"aaa22760-9a11-499f-99f8-0d0c86b91bf9\"><div class=\"\"><ul><li>Audit de s\u00e9curit\u00e9<\/li><li>Tests d\u2019intrusion r\u00e9currents<\/li><li>Audit d&#8217;ing\u00e9nierie sociale<\/li><li>Audit de s\u00e9curit\u00e9 des infrastructures critiques<\/li><li>Investigation num\u00e9rique<\/li><li>Mise en place des normes de s\u00e9curit\u00e9 (ISO 27001, ISO 22301)<\/li><li>Mise en place du plan de continuit\u00e9 d\u2019activit\u00e9<\/li><li>Accompagnement \u00e0 la certification PCI DSS<\/li><li>Accompagnement \u00e0 la certification PA DSS<\/li><li>Accompagnement \u00e0 la mise en conformit\u00e9 aux lois de protection de donn\u00e9es \u00e0 caract\u00e8re personnel<\/li><li>Analyse des risques IT<\/li><li>Accompagnement \u00e0 la protection des infrastructures critiques<\/li><li>Accompagnement \u00e0 la mise en place des tiers de confiance<\/li><li>Accompagnement \u00e0 la mise en place de strat\u00e9gies nationales de cybers\u00e9curit\u00e9<\/li><li>Accompagnement \u00e0 la mise en place de CERTs<\/li><li>Accompagnement \u00e0 la mise en place de Security Operations Center (SOC)<\/li><\/ul><\/div><\/div><\/div><\/div><\/div><\/div><\/div><\/div>\t\t\n\t<\/div>\n<\/div>\t\t<\/div>\n\t\t\t\t<\/div>\n\t\t            <\/div>\n        <\/div>\n                            <\/div>\n        <\/section>\n        \t\t\t\t\t<\/div>\n\t\t","protected":false},"excerpt":{"rendered":"<p>Notre division conseil offre une gamme compl\u00e8te de services en cybers\u00e9curit\u00e9 pour r\u00e9pondre aux besoins vari\u00e9s de nos clients. Nous sommes sp\u00e9cialis\u00e9s dans les audits de s\u00e9curit\u00e9, les tests d&#8217;intrusion r\u00e9currents et les audits d&#8217;ing\u00e9nierie sociale pour identifier et att\u00e9nuer les vuln\u00e9rabilit\u00e9s potentielles. Nos experts vous guident \u00e9galement dans la mise en \u0153uvre des normes [&hellip;]<\/p>\n","protected":false},"author":2,"featured_media":0,"parent":0,"menu_order":0,"comment_status":"closed","ping_status":"closed","template":"","meta":{"footnotes":""},"class_list":["post-4892","page","type-page","status-publish","hentry"],"_links":{"self":[{"href":"https:\/\/fullcontrolgroup.com\/index.php\/wp-json\/wp\/v2\/pages\/4892","targetHints":{"allow":["GET"]}}],"collection":[{"href":"https:\/\/fullcontrolgroup.com\/index.php\/wp-json\/wp\/v2\/pages"}],"about":[{"href":"https:\/\/fullcontrolgroup.com\/index.php\/wp-json\/wp\/v2\/types\/page"}],"author":[{"embeddable":true,"href":"https:\/\/fullcontrolgroup.com\/index.php\/wp-json\/wp\/v2\/users\/2"}],"replies":[{"embeddable":true,"href":"https:\/\/fullcontrolgroup.com\/index.php\/wp-json\/wp\/v2\/comments?post=4892"}],"version-history":[{"count":16,"href":"https:\/\/fullcontrolgroup.com\/index.php\/wp-json\/wp\/v2\/pages\/4892\/revisions"}],"predecessor-version":[{"id":5163,"href":"https:\/\/fullcontrolgroup.com\/index.php\/wp-json\/wp\/v2\/pages\/4892\/revisions\/5163"}],"wp:attachment":[{"href":"https:\/\/fullcontrolgroup.com\/index.php\/wp-json\/wp\/v2\/media?parent=4892"}],"curies":[{"name":"wp","href":"https:\/\/api.w.org\/{rel}","templated":true}]}}