{"id":4902,"date":"2024-04-27T18:29:41","date_gmt":"2024-04-27T17:29:41","guid":{"rendered":"https:\/\/fullcontrolgroup.com\/?page_id=4902"},"modified":"2024-05-01T17:23:29","modified_gmt":"2024-05-01T16:23:29","slug":"lintegration","status":"publish","type":"page","link":"https:\/\/fullcontrolgroup.com\/index.php\/lintegration\/","title":{"rendered":"L&#8217;int\u00e9gration"},"content":{"rendered":"\t\t<div data-elementor-type=\"wp-page\" data-elementor-id=\"4902\" class=\"elementor elementor-4902\">\n\t\t\t\t\t\t\t        <section class=\"elementor-section elementor-top-section elementor-element elementor-element-618bdb0 elementor-section-boxed elementor-section-height-default elementor-section-height-default ct-header-fixed-none ct-row-max-none\" data-id=\"618bdb0\" data-element_type=\"section\">\n            \n                        <div class=\"elementor-container elementor-column-gap-default \">\n                    <div class=\"elementor-column elementor-col-50 elementor-top-column elementor-element elementor-element-2814284\" data-id=\"2814284\" data-element_type=\"column\">\n            <div class=\"elementor-widget-wrap elementor-element-populated\">\n                        \t\t<div class=\"elementor-element elementor-element-08a8e88 elementor-widget elementor-widget-image\" data-id=\"08a8e88\" data-element_type=\"widget\" data-widget_type=\"image.default\">\n\t\t\t\t<div class=\"elementor-widget-container\">\n\t\t\t<style>\/*! elementor - v3.14.0 - 26-06-2023 *\/\n.elementor-widget-image{text-align:center}.elementor-widget-image a{display:inline-block}.elementor-widget-image a img[src$=\".svg\"]{width:48px}.elementor-widget-image img{vertical-align:middle;display:inline-block}<\/style>\t\t\t\t\t\t\t\t\t\t\t\t<img decoding=\"async\" width=\"640\" height=\"400\" src=\"https:\/\/fullcontrolgroup.com\/wp-content\/uploads\/2024\/04\/bg-market-snapshot-1024x640.jpg\" class=\"attachment-large size-large wp-image-4906\" alt=\"\" srcset=\"https:\/\/fullcontrolgroup.com\/wp-content\/uploads\/2024\/04\/bg-market-snapshot-1024x640.jpg 1024w, https:\/\/fullcontrolgroup.com\/wp-content\/uploads\/2024\/04\/bg-market-snapshot-600x375.jpg 600w, https:\/\/fullcontrolgroup.com\/wp-content\/uploads\/2024\/04\/bg-market-snapshot-300x188.jpg 300w, https:\/\/fullcontrolgroup.com\/wp-content\/uploads\/2024\/04\/bg-market-snapshot-768x480.jpg 768w, https:\/\/fullcontrolgroup.com\/wp-content\/uploads\/2024\/04\/bg-market-snapshot-1536x960.jpg 1536w, https:\/\/fullcontrolgroup.com\/wp-content\/uploads\/2024\/04\/bg-market-snapshot.jpg 1680w\" sizes=\"(max-width: 640px) 100vw, 640px\" \/>\t\t\t\t\t\t\t\t\t\t\t\t\t\t\t<\/div>\n\t\t\t\t<\/div>\n\t\t            <\/div>\n        <\/div>\n                <div class=\"elementor-column elementor-col-50 elementor-top-column elementor-element elementor-element-302fe02\" data-id=\"302fe02\" data-element_type=\"column\" data-settings=\"{&quot;background_background&quot;:&quot;classic&quot;}\">\n            <div class=\"elementor-widget-wrap elementor-element-populated\">\n                        \t\t<div class=\"elementor-element elementor-element-0be8dc6 elementor-widget elementor-widget-ct_text_editor\" data-id=\"0be8dc6\" data-element_type=\"widget\" data-widget_type=\"ct_text_editor.default\">\n\t\t\t\t<div class=\"elementor-widget-container\">\n\t\t\t<div id=\"ct_text_editor-0be8dc6\" class=\"ct-text-editor \" data-wow-delay=\"ms\">\n\t<div class=\"ct-inline-css\"  data-css=\"\n        \t\t\">\n\n    <\/div>\n\t<div class=\"ct-text-editor elementor-clearfix\">\n\t\t<p>Nos services d&#8217;int\u00e9gration englobent une large gamme de solutions visant \u00e0 renforcer votre infrastructure num\u00e9rique contre les menaces modernes. Du renforcement de la s\u00e9curit\u00e9 des postes de travail \u00e0 la mise en \u0153uvre d&#8217;un filtrage d&#8217;URL robuste en passant par le d\u00e9ploiement de solutions avanc\u00e9es de pare-feu et de pare-feu d&#8217;applications, nous garantissons une protection compl\u00e8te contre les acc\u00e8s non autoris\u00e9s et les activit\u00e9s malveillantes.\u00a0<\/p>\t\t\n\t<\/div>\n<\/div>\t\t<\/div>\n\t\t\t\t<\/div>\n\t\t\t\t<div class=\"elementor-element elementor-element-b027115 elementor-widget elementor-widget-ct_button\" data-id=\"b027115\" data-element_type=\"widget\" data-widget_type=\"ct_button.default\">\n\t\t\t\t<div class=\"elementor-widget-container\">\n\t\t\t<div class=\"ct-button-wrapper ct-button-layout1 icon- btn--inline \">\r\n            <span class=\"ct-icon-active\"><\/span>\r\n        <a href=\"https:\/\/fullcontrolgroup.com\/wp-admin\/post.php?post=5081&amp;action=elementor\" class=\"btn btn-default icon-active btn-inline-block  \" data-wow-delay=\"ms\">\r\n                            <span class=\"ct-button-icon ct-align-icon-\">\r\n                            <\/span>\r\n                <span class=\"ct-button-text\">Obtenez un devis<\/span>\r\n    <\/a>\r\n<\/div>\t\t<\/div>\n\t\t\t\t<\/div>\n\t\t            <\/div>\n        <\/div>\n                            <\/div>\n        <\/section>\n                <section class=\"elementor-section elementor-top-section elementor-element elementor-element-e418094 elementor-section-boxed elementor-section-height-default elementor-section-height-default ct-header-fixed-none ct-row-max-none\" data-id=\"e418094\" data-element_type=\"section\">\n            \n                        <div class=\"elementor-container elementor-column-gap-default \">\n                    <div class=\"elementor-column elementor-col-100 elementor-top-column elementor-element elementor-element-17c25b9\" data-id=\"17c25b9\" data-element_type=\"column\">\n            <div class=\"elementor-widget-wrap elementor-element-populated\">\n                        \t\t<div class=\"elementor-element elementor-element-60b5512 elementor-widget elementor-widget-ct_heading\" data-id=\"60b5512\" data-element_type=\"widget\" data-widget_type=\"ct_heading.default\">\n\t\t\t\t<div class=\"elementor-widget-container\">\n\t\t\t<div class=\"ct-heading h-align-  sub-style1 ct-heading-left item-st-default\">\r\n\t    <h5 class=\"item--title st-default \" data-wow-delay=\"ms\">\r\n                <span class=\"sp-main\">\r\n            \r\n            Solutions d'int\u00e9gration compl\u00e8tes\r\n            \r\n                    <\/span>\r\n            <\/h5>\r\n<\/div>\t\t<\/div>\n\t\t\t\t<\/div>\n\t\t            <\/div>\n        <\/div>\n                            <\/div>\n        <\/section>\n                <section class=\"elementor-section elementor-top-section elementor-element elementor-element-433de1f elementor-section-boxed elementor-section-height-default elementor-section-height-default ct-header-fixed-none ct-row-max-none\" data-id=\"433de1f\" data-element_type=\"section\">\n            \n                        <div class=\"elementor-container elementor-column-gap-default \">\n                    <div class=\"elementor-column elementor-col-100 elementor-top-column elementor-element elementor-element-240f10f\" data-id=\"240f10f\" data-element_type=\"column\">\n            <div class=\"elementor-widget-wrap elementor-element-populated\">\n                        \t\t<div class=\"elementor-element elementor-element-d4eb316 elementor-widget elementor-widget-ct_text_editor\" data-id=\"d4eb316\" data-element_type=\"widget\" data-widget_type=\"ct_text_editor.default\">\n\t\t\t\t<div class=\"elementor-widget-container\">\n\t\t\t<div id=\"ct_text_editor-d4eb316\" class=\"ct-text-editor \" data-wow-delay=\"ms\">\n\t<div class=\"ct-inline-css\"  data-css=\"\n        \t\t\">\n\n    <\/div>\n\t<div class=\"ct-text-editor elementor-clearfix\">\n\t\t<div class=\"w-full text-token-text-primary\" dir=\"auto\" data-testid=\"conversation-turn-24\"><div class=\"px-4 py-2 justify-center text-base md:gap-6 m-auto\"><div class=\"flex flex-1 text-base mx-auto gap-3 juice:gap-4 juice:md:gap-6 md:px-5 lg:px-1 xl:px-5 md:max-w-3xl lg:max-w-[40rem] xl:max-w-[48rem]\"><div class=\"relative flex w-full min-w-0 flex-col\"><div class=\"flex-col gap-1 md:gap-3\"><div class=\"flex flex-grow flex-col max-w-full\"><div class=\"min-h-[20px] text-message flex flex-col items-start gap-3 whitespace-pre-wrap break-words [.text-message+&amp;]:mt-5 overflow-x-auto\" dir=\"auto\" data-message-author-role=\"user\" data-message-id=\"aaa22760-9a11-499f-99f8-0d0c86b91bf9\"><div class=\"\"><ul><li>Workstation Security<\/li><li>URL Filtering<\/li><li>Firewalling<\/li><li>Application Firewall<\/li><li>Intrusion Prevention<\/li><li>Vulnerability Management<\/li><li>Sensitive Information Leakage<\/li><li>Data Encryption<\/li><li>Integrity Control<\/li><li>PKI Solution<\/li><li>Database Access Traceability<\/li><li>High Privilege Account Management<\/li><li>Security Events Management (SIEM)<\/li><li>Zero Day Attacks<\/li><li>Networks and Telecommunications Configuration<\/li><li>Clock Synchronization<\/li><\/ul><\/div><\/div><\/div><\/div><\/div><\/div><\/div><\/div>\t\t\n\t<\/div>\n<\/div>\t\t<\/div>\n\t\t\t\t<\/div>\n\t\t            <\/div>\n        <\/div>\n                            <\/div>\n        <\/section>\n                <section class=\"elementor-section elementor-top-section elementor-element elementor-element-a052dab elementor-section-boxed elementor-section-height-default elementor-section-height-default ct-header-fixed-none ct-row-max-none\" data-id=\"a052dab\" data-element_type=\"section\">\n            \n                        <div class=\"elementor-container elementor-column-gap-default \">\n                    <div class=\"elementor-column elementor-col-100 elementor-top-column elementor-element elementor-element-e3ad8e4\" data-id=\"e3ad8e4\" data-element_type=\"column\">\n            <div class=\"elementor-widget-wrap\">\n                                    <\/div>\n        <\/div>\n                            <\/div>\n        <\/section>\n        \t\t\t\t\t<\/div>\n\t\t","protected":false},"excerpt":{"rendered":"<p>Nos services d&#8217;int\u00e9gration englobent une large gamme de solutions visant \u00e0 renforcer votre infrastructure num\u00e9rique contre les menaces modernes. Du renforcement de la s\u00e9curit\u00e9 des postes de travail \u00e0 la mise en \u0153uvre d&#8217;un filtrage d&#8217;URL robuste en passant par le d\u00e9ploiement de solutions avanc\u00e9es de pare-feu et de pare-feu d&#8217;applications, nous garantissons une protection [&hellip;]<\/p>\n","protected":false},"author":2,"featured_media":0,"parent":0,"menu_order":0,"comment_status":"closed","ping_status":"closed","template":"","meta":{"footnotes":""},"class_list":["post-4902","page","type-page","status-publish","hentry"],"_links":{"self":[{"href":"https:\/\/fullcontrolgroup.com\/index.php\/wp-json\/wp\/v2\/pages\/4902","targetHints":{"allow":["GET"]}}],"collection":[{"href":"https:\/\/fullcontrolgroup.com\/index.php\/wp-json\/wp\/v2\/pages"}],"about":[{"href":"https:\/\/fullcontrolgroup.com\/index.php\/wp-json\/wp\/v2\/types\/page"}],"author":[{"embeddable":true,"href":"https:\/\/fullcontrolgroup.com\/index.php\/wp-json\/wp\/v2\/users\/2"}],"replies":[{"embeddable":true,"href":"https:\/\/fullcontrolgroup.com\/index.php\/wp-json\/wp\/v2\/comments?post=4902"}],"version-history":[{"count":22,"href":"https:\/\/fullcontrolgroup.com\/index.php\/wp-json\/wp\/v2\/pages\/4902\/revisions"}],"predecessor-version":[{"id":5166,"href":"https:\/\/fullcontrolgroup.com\/index.php\/wp-json\/wp\/v2\/pages\/4902\/revisions\/5166"}],"wp:attachment":[{"href":"https:\/\/fullcontrolgroup.com\/index.php\/wp-json\/wp\/v2\/media?parent=4902"}],"curies":[{"name":"wp","href":"https:\/\/api.w.org\/{rel}","templated":true}]}}