{"id":4923,"date":"2024-04-27T19:10:02","date_gmt":"2024-04-27T18:10:02","guid":{"rendered":"https:\/\/fullcontrolgroup.com\/?page_id=4923"},"modified":"2024-05-01T17:23:43","modified_gmt":"2024-05-01T16:23:43","slug":"externalisation","status":"publish","type":"page","link":"https:\/\/fullcontrolgroup.com\/index.php\/externalisation\/","title":{"rendered":"Externalisation"},"content":{"rendered":"\t\t<div data-elementor-type=\"wp-page\" data-elementor-id=\"4923\" class=\"elementor elementor-4923\">\n\t\t\t\t\t\t\t        <section class=\"elementor-section elementor-top-section elementor-element elementor-element-220dc75 elementor-section-boxed elementor-section-height-default elementor-section-height-default ct-header-fixed-none ct-row-max-none\" data-id=\"220dc75\" data-element_type=\"section\">\n            \n                        <div class=\"elementor-container elementor-column-gap-default \">\n                    <div class=\"elementor-column elementor-col-50 elementor-top-column elementor-element elementor-element-75a1baa\" data-id=\"75a1baa\" data-element_type=\"column\">\n            <div class=\"elementor-widget-wrap elementor-element-populated\">\n                        \t\t<div class=\"elementor-element elementor-element-6433ec6 elementor-widget elementor-widget-image\" data-id=\"6433ec6\" data-element_type=\"widget\" data-widget_type=\"image.default\">\n\t\t\t\t<div class=\"elementor-widget-container\">\n\t\t\t<style>\/*! elementor - v3.14.0 - 26-06-2023 *\/\n.elementor-widget-image{text-align:center}.elementor-widget-image a{display:inline-block}.elementor-widget-image a img[src$=\".svg\"]{width:48px}.elementor-widget-image img{vertical-align:middle;display:inline-block}<\/style>\t\t\t\t\t\t\t\t\t\t\t\t<img decoding=\"async\" width=\"640\" height=\"423\" src=\"https:\/\/fullcontrolgroup.com\/wp-content\/uploads\/2024\/04\/shshshshsh-1024x676.jpg\" class=\"attachment-large size-large wp-image-4926\" alt=\"\" srcset=\"https:\/\/fullcontrolgroup.com\/wp-content\/uploads\/2024\/04\/shshshshsh-1024x676.jpg 1024w, https:\/\/fullcontrolgroup.com\/wp-content\/uploads\/2024\/04\/shshshshsh-scaled-600x396.jpg 600w, https:\/\/fullcontrolgroup.com\/wp-content\/uploads\/2024\/04\/shshshshsh-300x198.jpg 300w, https:\/\/fullcontrolgroup.com\/wp-content\/uploads\/2024\/04\/shshshshsh-768x507.jpg 768w, https:\/\/fullcontrolgroup.com\/wp-content\/uploads\/2024\/04\/shshshshsh-1536x1013.jpg 1536w, https:\/\/fullcontrolgroup.com\/wp-content\/uploads\/2024\/04\/shshshshsh-2048x1351.jpg 2048w\" sizes=\"(max-width: 640px) 100vw, 640px\" \/>\t\t\t\t\t\t\t\t\t\t\t\t\t\t\t<\/div>\n\t\t\t\t<\/div>\n\t\t            <\/div>\n        <\/div>\n                <div class=\"elementor-column elementor-col-50 elementor-top-column elementor-element elementor-element-0410fe2\" data-id=\"0410fe2\" data-element_type=\"column\" data-settings=\"{&quot;background_background&quot;:&quot;classic&quot;}\">\n            <div class=\"elementor-widget-wrap elementor-element-populated\">\n                        \t\t<div class=\"elementor-element elementor-element-0f1ab0d elementor-widget elementor-widget-ct_text_editor\" data-id=\"0f1ab0d\" data-element_type=\"widget\" data-widget_type=\"ct_text_editor.default\">\n\t\t\t\t<div class=\"elementor-widget-container\">\n\t\t\t<div id=\"ct_text_editor-0f1ab0d\" class=\"ct-text-editor \" data-wow-delay=\"ms\">\n\t<div class=\"ct-inline-css\"  data-css=\"\n        \t\t\">\n\n    <\/div>\n\t<div class=\"ct-text-editor elementor-clearfix\">\n\t\t<p>L&#8217;externalisation consiste \u00e0 confier des t\u00e2ches ou des fonctions commerciales sp\u00e9cifiques \u00e0 des prestataires de services externes sp\u00e9cialis\u00e9s. Cette approche permet aux entreprises de se concentrer sur leurs comp\u00e9tences de base tout en exploitant l&#8217;expertise et les ressources de partenaires externes. Qu&#8217;il s&#8217;agisse de services informatiques, de gestion des ressources humaines, de logistique ou de support technique, l&#8217;externalisation offre une flexibilit\u00e9, une efficacit\u00e9 et une rentabilit\u00e9 accrues.\u00a0<\/p>\t\t\n\t<\/div>\n<\/div>\t\t<\/div>\n\t\t\t\t<\/div>\n\t\t\t\t<div class=\"elementor-element elementor-element-356d672 elementor-widget elementor-widget-ct_button\" data-id=\"356d672\" data-element_type=\"widget\" data-widget_type=\"ct_button.default\">\n\t\t\t\t<div class=\"elementor-widget-container\">\n\t\t\t<div class=\"ct-button-wrapper ct-button-layout1 icon- btn--inline \">\r\n            <span class=\"ct-icon-active\"><\/span>\r\n        <a href=\"https:\/\/fullcontrolgroup.com\/wp-admin\/post.php?post=5081&amp;action=elementor\" class=\"btn btn-default icon-active btn-inline-block  \" data-wow-delay=\"ms\">\r\n                            <span class=\"ct-button-icon ct-align-icon-\">\r\n                            <\/span>\r\n                <span class=\"ct-button-text\">Obtenez un devis<\/span>\r\n    <\/a>\r\n<\/div>\t\t<\/div>\n\t\t\t\t<\/div>\n\t\t            <\/div>\n        <\/div>\n                            <\/div>\n        <\/section>\n                <section class=\"elementor-section elementor-top-section elementor-element elementor-element-cab21ea elementor-section-boxed elementor-section-height-default elementor-section-height-default ct-header-fixed-none ct-row-max-none\" data-id=\"cab21ea\" data-element_type=\"section\">\n            \n                        <div class=\"elementor-container elementor-column-gap-default \">\n                    <div class=\"elementor-column elementor-col-100 elementor-top-column elementor-element elementor-element-719d5a5\" data-id=\"719d5a5\" data-element_type=\"column\">\n            <div class=\"elementor-widget-wrap elementor-element-populated\">\n                        \t\t<div class=\"elementor-element elementor-element-5aa7a7c elementor-widget elementor-widget-ct_heading\" data-id=\"5aa7a7c\" data-element_type=\"widget\" data-widget_type=\"ct_heading.default\">\n\t\t\t\t<div class=\"elementor-widget-container\">\n\t\t\t<div class=\"ct-heading h-align-  sub-style1 ct-heading-left item-st-default\">\r\n\t    <h5 class=\"item--title st-default \" data-wow-delay=\"ms\">\r\n                <span class=\"sp-main\">\r\n            \r\n            Gestion de la S\u00e9curit\u00e9 Informatique\r\n            \r\n                    <\/span>\r\n            <\/h5>\r\n<\/div>\t\t<\/div>\n\t\t\t\t<\/div>\n\t\t            <\/div>\n        <\/div>\n                            <\/div>\n        <\/section>\n                <section class=\"elementor-section elementor-top-section elementor-element elementor-element-9a27e68 elementor-section-boxed elementor-section-height-default elementor-section-height-default ct-header-fixed-none ct-row-max-none\" data-id=\"9a27e68\" data-element_type=\"section\">\n            \n                        <div class=\"elementor-container elementor-column-gap-default \">\n                    <div class=\"elementor-column elementor-col-100 elementor-top-column elementor-element elementor-element-3836004\" data-id=\"3836004\" data-element_type=\"column\">\n            <div class=\"elementor-widget-wrap elementor-element-populated\">\n                        \t\t<div class=\"elementor-element elementor-element-d967c0f elementor-widget elementor-widget-ct_text_editor\" data-id=\"d967c0f\" data-element_type=\"widget\" data-widget_type=\"ct_text_editor.default\">\n\t\t\t\t<div class=\"elementor-widget-container\">\n\t\t\t<div id=\"ct_text_editor-d967c0f\" class=\"ct-text-editor \" data-wow-delay=\"ms\">\n\t<div class=\"ct-inline-css\"  data-css=\"\n        \t\t\">\n\n    <\/div>\n\t<div class=\"ct-text-editor elementor-clearfix\">\n\t\t<div class=\"w-full text-token-text-primary\" dir=\"auto\" data-testid=\"conversation-turn-24\"><div class=\"px-4 py-2 justify-center text-base md:gap-6 m-auto\"><div class=\"flex flex-1 text-base mx-auto gap-3 juice:gap-4 juice:md:gap-6 md:px-5 lg:px-1 xl:px-5 md:max-w-3xl lg:max-w-[40rem] xl:max-w-[48rem]\"><div class=\"relative flex w-full min-w-0 flex-col\"><div class=\"flex-col gap-1 md:gap-3\"><div class=\"flex flex-grow flex-col max-w-full\"><div class=\"min-h-[20px] text-message flex flex-col items-start gap-3 whitespace-pre-wrap break-words [.text-message+&amp;]:mt-5 overflow-x-auto\" dir=\"auto\" data-message-author-role=\"user\" data-message-id=\"aaa22760-9a11-499f-99f8-0d0c86b91bf9\"><div class=\"\"><ul><li>Infog\u00e9rance des solutions de s\u00e9curit\u00e9 (Firewall, UTM, IPS\/IDS, Gestion des logs, WAF, SIEM, etc.)<\/li><li>Offre Mars : Maintenance, Administration, Reporting, Supervision (Couvertures 8h\/5j, 12h\/5j, 24h\/7j)<\/li><li>Centre Op\u00e9rationnel de S\u00e9curit\u00e9 (SOC)<\/li><li>Management des vuln\u00e9rabilit\u00e9s<\/li><\/ul><\/div><\/div><\/div><\/div><\/div><\/div><\/div><\/div>\t\t\n\t<\/div>\n<\/div>\t\t<\/div>\n\t\t\t\t<\/div>\n\t\t            <\/div>\n        <\/div>\n                            <\/div>\n        <\/section>\n        \t\t\t\t\t<\/div>\n\t\t","protected":false},"excerpt":{"rendered":"<p>L&#8217;externalisation consiste \u00e0 confier des t\u00e2ches ou des fonctions commerciales sp\u00e9cifiques \u00e0 des prestataires de services externes sp\u00e9cialis\u00e9s. Cette approche permet aux entreprises de se concentrer sur leurs comp\u00e9tences de base tout en exploitant l&#8217;expertise et les ressources de partenaires externes. Qu&#8217;il s&#8217;agisse de services informatiques, de gestion des ressources humaines, de logistique ou de [&hellip;]<\/p>\n","protected":false},"author":2,"featured_media":0,"parent":0,"menu_order":0,"comment_status":"closed","ping_status":"closed","template":"","meta":{"footnotes":""},"class_list":["post-4923","page","type-page","status-publish","hentry"],"_links":{"self":[{"href":"https:\/\/fullcontrolgroup.com\/index.php\/wp-json\/wp\/v2\/pages\/4923","targetHints":{"allow":["GET"]}}],"collection":[{"href":"https:\/\/fullcontrolgroup.com\/index.php\/wp-json\/wp\/v2\/pages"}],"about":[{"href":"https:\/\/fullcontrolgroup.com\/index.php\/wp-json\/wp\/v2\/types\/page"}],"author":[{"embeddable":true,"href":"https:\/\/fullcontrolgroup.com\/index.php\/wp-json\/wp\/v2\/users\/2"}],"replies":[{"embeddable":true,"href":"https:\/\/fullcontrolgroup.com\/index.php\/wp-json\/wp\/v2\/comments?post=4923"}],"version-history":[{"count":13,"href":"https:\/\/fullcontrolgroup.com\/index.php\/wp-json\/wp\/v2\/pages\/4923\/revisions"}],"predecessor-version":[{"id":5172,"href":"https:\/\/fullcontrolgroup.com\/index.php\/wp-json\/wp\/v2\/pages\/4923\/revisions\/5172"}],"wp:attachment":[{"href":"https:\/\/fullcontrolgroup.com\/index.php\/wp-json\/wp\/v2\/media?parent=4923"}],"curies":[{"name":"wp","href":"https:\/\/api.w.org\/{rel}","templated":true}]}}