{"id":4940,"date":"2024-04-27T20:13:25","date_gmt":"2024-04-27T19:13:25","guid":{"rendered":"https:\/\/fullcontrolgroup.com\/?page_id=4940"},"modified":"2024-05-01T17:23:56","modified_gmt":"2024-05-01T16:23:56","slug":"recherche-et-developpement","status":"publish","type":"page","link":"https:\/\/fullcontrolgroup.com\/index.php\/recherche-et-developpement\/","title":{"rendered":"Recherche et d\u00e9veloppement"},"content":{"rendered":"\t\t<div data-elementor-type=\"wp-page\" data-elementor-id=\"4940\" class=\"elementor elementor-4940\">\n\t\t\t\t\t\t\t        <section class=\"elementor-section elementor-top-section elementor-element elementor-element-8f2e55b elementor-section-boxed elementor-section-height-default elementor-section-height-default ct-header-fixed-none ct-row-max-none\" data-id=\"8f2e55b\" data-element_type=\"section\">\n            \n                        <div class=\"elementor-container elementor-column-gap-default \">\n                    <div class=\"elementor-column elementor-col-50 elementor-top-column elementor-element elementor-element-71691aa\" data-id=\"71691aa\" data-element_type=\"column\">\n            <div class=\"elementor-widget-wrap elementor-element-populated\">\n                        \t\t<div class=\"elementor-element elementor-element-860a48f elementor-widget elementor-widget-image\" data-id=\"860a48f\" data-element_type=\"widget\" data-widget_type=\"image.default\">\n\t\t\t\t<div class=\"elementor-widget-container\">\n\t\t\t<style>\/*! elementor - v3.14.0 - 26-06-2023 *\/\n.elementor-widget-image{text-align:center}.elementor-widget-image a{display:inline-block}.elementor-widget-image a img[src$=\".svg\"]{width:48px}.elementor-widget-image img{vertical-align:middle;display:inline-block}<\/style>\t\t\t\t\t\t\t\t\t\t\t\t<img decoding=\"async\" width=\"640\" height=\"427\" src=\"https:\/\/fullcontrolgroup.com\/wp-content\/uploads\/2024\/04\/3eff4a701a74c3ae1d456ef0969d7279-1024x683.jpg\" class=\"attachment-large size-large wp-image-4946\" alt=\"\" srcset=\"https:\/\/fullcontrolgroup.com\/wp-content\/uploads\/2024\/04\/3eff4a701a74c3ae1d456ef0969d7279-1024x683.jpg 1024w, https:\/\/fullcontrolgroup.com\/wp-content\/uploads\/2024\/04\/3eff4a701a74c3ae1d456ef0969d7279-scaled-600x400.jpg 600w, https:\/\/fullcontrolgroup.com\/wp-content\/uploads\/2024\/04\/3eff4a701a74c3ae1d456ef0969d7279-300x200.jpg 300w, https:\/\/fullcontrolgroup.com\/wp-content\/uploads\/2024\/04\/3eff4a701a74c3ae1d456ef0969d7279-768x512.jpg 768w, https:\/\/fullcontrolgroup.com\/wp-content\/uploads\/2024\/04\/3eff4a701a74c3ae1d456ef0969d7279-1536x1025.jpg 1536w, https:\/\/fullcontrolgroup.com\/wp-content\/uploads\/2024\/04\/3eff4a701a74c3ae1d456ef0969d7279-2048x1366.jpg 2048w\" sizes=\"(max-width: 640px) 100vw, 640px\" \/>\t\t\t\t\t\t\t\t\t\t\t\t\t\t\t<\/div>\n\t\t\t\t<\/div>\n\t\t            <\/div>\n        <\/div>\n                <div class=\"elementor-column elementor-col-50 elementor-top-column elementor-element elementor-element-f681b80\" data-id=\"f681b80\" data-element_type=\"column\" data-settings=\"{&quot;background_background&quot;:&quot;classic&quot;}\">\n            <div class=\"elementor-widget-wrap elementor-element-populated\">\n                        \t\t<div class=\"elementor-element elementor-element-5f2d345 elementor-widget elementor-widget-ct_text_editor\" data-id=\"5f2d345\" data-element_type=\"widget\" data-widget_type=\"ct_text_editor.default\">\n\t\t\t\t<div class=\"elementor-widget-container\">\n\t\t\t<div id=\"ct_text_editor-5f2d345\" class=\"ct-text-editor \" data-wow-delay=\"ms\">\n\t<div class=\"ct-inline-css\"  data-css=\"\n        \t\t\">\n\n    <\/div>\n\t<div class=\"ct-text-editor elementor-clearfix\">\n\t\t<p>Nous sommes sp\u00e9cialis\u00e9s dans le d\u00e9veloppement s\u00e9curis\u00e9 d\u2019applications souveraines, en veillant \u00e0 ce qu\u2019elles r\u00e9pondent aux plus hauts standards de s\u00e9curit\u00e9 et de conformit\u00e9. De plus, nous testons rigoureusement les applications critiques pour identifier et corriger toute vuln\u00e9rabilit\u00e9 potentielle en mati\u00e8re de s\u00e9curit\u00e9. Gr\u00e2ce \u00e0 notre approche globale de la recherche et du d\u00e9veloppement, nous nous effor\u00e7ons de fournir des solutions innovantes qui r\u00e9pondent aux besoins changeants de nos clients tout en maintenant les plus hauts niveaux de s\u00e9curit\u00e9.\u00a0<\/p>\t\t\n\t<\/div>\n<\/div>\t\t<\/div>\n\t\t\t\t<\/div>\n\t\t\t\t<div class=\"elementor-element elementor-element-2804778 elementor-widget elementor-widget-ct_button\" data-id=\"2804778\" data-element_type=\"widget\" data-widget_type=\"ct_button.default\">\n\t\t\t\t<div class=\"elementor-widget-container\">\n\t\t\t<div class=\"ct-button-wrapper ct-button-layout1 icon- btn--inline \">\r\n            <span class=\"ct-icon-active\"><\/span>\r\n        <a href=\"https:\/\/fullcontrolgroup.com\/wp-admin\/post.php?post=5081&amp;action=elementor\" class=\"btn btn-default icon-active btn-inline-block  \" data-wow-delay=\"ms\">\r\n                            <span class=\"ct-button-icon ct-align-icon-\">\r\n                            <\/span>\r\n                <span class=\"ct-button-text\">Obtenez un devis<\/span>\r\n    <\/a>\r\n<\/div>\t\t<\/div>\n\t\t\t\t<\/div>\n\t\t            <\/div>\n        <\/div>\n                            <\/div>\n        <\/section>\n                <section class=\"elementor-section elementor-top-section elementor-element elementor-element-592f771 elementor-section-boxed elementor-section-height-default elementor-section-height-default ct-header-fixed-none ct-row-max-none\" data-id=\"592f771\" data-element_type=\"section\">\n            \n                        <div class=\"elementor-container elementor-column-gap-default \">\n                    <div class=\"elementor-column elementor-col-100 elementor-top-column elementor-element elementor-element-aeb72af\" data-id=\"aeb72af\" data-element_type=\"column\">\n            <div class=\"elementor-widget-wrap elementor-element-populated\">\n                        \t\t<div class=\"elementor-element elementor-element-00bb5fe elementor-widget elementor-widget-ct_heading\" data-id=\"00bb5fe\" data-element_type=\"widget\" data-widget_type=\"ct_heading.default\">\n\t\t\t\t<div class=\"elementor-widget-container\">\n\t\t\t<div class=\"ct-heading h-align-  sub-style1 ct-heading-left item-st-default\">\r\n\t    <h5 class=\"item--title st-default \" data-wow-delay=\"ms\">\r\n                <span class=\"sp-main\">\r\n            \r\n            Configuration Recherche &amp; D\u00e9veloppement\r\n            \r\n                    <\/span>\r\n            <\/h5>\r\n<\/div>\t\t<\/div>\n\t\t\t\t<\/div>\n\t\t            <\/div>\n        <\/div>\n                            <\/div>\n        <\/section>\n                <section class=\"elementor-section elementor-top-section elementor-element elementor-element-89aa1eb elementor-section-boxed elementor-section-height-default elementor-section-height-default ct-header-fixed-none ct-row-max-none\" data-id=\"89aa1eb\" data-element_type=\"section\">\n            \n                        <div class=\"elementor-container elementor-column-gap-default \">\n                    <div class=\"elementor-column elementor-col-100 elementor-top-column elementor-element elementor-element-3c705ac\" data-id=\"3c705ac\" data-element_type=\"column\">\n            <div class=\"elementor-widget-wrap elementor-element-populated\">\n                        \t\t<div class=\"elementor-element elementor-element-fe43329 elementor-widget elementor-widget-ct_text_editor\" data-id=\"fe43329\" data-element_type=\"widget\" data-widget_type=\"ct_text_editor.default\">\n\t\t\t\t<div class=\"elementor-widget-container\">\n\t\t\t<div id=\"ct_text_editor-fe43329\" class=\"ct-text-editor \" data-wow-delay=\"ms\">\n\t<div class=\"ct-inline-css\"  data-css=\"\n        \t\t\">\n\n    <\/div>\n\t<div class=\"ct-text-editor elementor-clearfix\">\n\t\t<div class=\"w-full text-token-text-primary\" dir=\"auto\" data-testid=\"conversation-turn-24\"><div class=\"px-4 py-2 justify-center text-base md:gap-6 m-auto\"><div class=\"flex flex-1 text-base mx-auto gap-3 juice:gap-4 juice:md:gap-6 md:px-5 lg:px-1 xl:px-5 md:max-w-3xl lg:max-w-[40rem] xl:max-w-[48rem]\"><div class=\"relative flex w-full min-w-0 flex-col\"><div class=\"flex-col gap-1 md:gap-3\"><div class=\"flex flex-grow flex-col max-w-full\"><div class=\"min-h-[20px] text-message flex flex-col items-start gap-3 whitespace-pre-wrap break-words [.text-message+&amp;]:mt-5 overflow-x-auto\" dir=\"auto\" data-message-author-role=\"user\" data-message-id=\"aaa22760-9a11-499f-99f8-0d0c86b91bf9\"><div class=\"\"><ul><li>D\u00e9veloppement de solutions s\u00e9curis\u00e9es<\/li><li>Recherches et veille de vuln\u00e9rabilit\u00e9s<\/li><li>D\u00e9veloppement s\u00e9curis\u00e9 des applications souveraines<\/li><li>Recette de s\u00e9curit\u00e9 des applications critiques<\/li><\/ul><\/div><\/div><\/div><\/div><\/div><\/div><\/div><\/div>\t\t\n\t<\/div>\n<\/div>\t\t<\/div>\n\t\t\t\t<\/div>\n\t\t            <\/div>\n        <\/div>\n                            <\/div>\n        <\/section>\n        \t\t\t\t\t<\/div>\n\t\t","protected":false},"excerpt":{"rendered":"<p>Nous sommes sp\u00e9cialis\u00e9s dans le d\u00e9veloppement s\u00e9curis\u00e9 d\u2019applications souveraines, en veillant \u00e0 ce qu\u2019elles r\u00e9pondent aux plus hauts standards de s\u00e9curit\u00e9 et de conformit\u00e9. De plus, nous testons rigoureusement les applications critiques pour identifier et corriger toute vuln\u00e9rabilit\u00e9 potentielle en mati\u00e8re de s\u00e9curit\u00e9. Gr\u00e2ce \u00e0 notre approche globale de la recherche et du d\u00e9veloppement, nous [&hellip;]<\/p>\n","protected":false},"author":2,"featured_media":0,"parent":0,"menu_order":0,"comment_status":"closed","ping_status":"closed","template":"","meta":{"footnotes":""},"class_list":["post-4940","page","type-page","status-publish","hentry"],"_links":{"self":[{"href":"https:\/\/fullcontrolgroup.com\/index.php\/wp-json\/wp\/v2\/pages\/4940","targetHints":{"allow":["GET"]}}],"collection":[{"href":"https:\/\/fullcontrolgroup.com\/index.php\/wp-json\/wp\/v2\/pages"}],"about":[{"href":"https:\/\/fullcontrolgroup.com\/index.php\/wp-json\/wp\/v2\/types\/page"}],"author":[{"embeddable":true,"href":"https:\/\/fullcontrolgroup.com\/index.php\/wp-json\/wp\/v2\/users\/2"}],"replies":[{"embeddable":true,"href":"https:\/\/fullcontrolgroup.com\/index.php\/wp-json\/wp\/v2\/comments?post=4940"}],"version-history":[{"count":13,"href":"https:\/\/fullcontrolgroup.com\/index.php\/wp-json\/wp\/v2\/pages\/4940\/revisions"}],"predecessor-version":[{"id":5178,"href":"https:\/\/fullcontrolgroup.com\/index.php\/wp-json\/wp\/v2\/pages\/4940\/revisions\/5178"}],"wp:attachment":[{"href":"https:\/\/fullcontrolgroup.com\/index.php\/wp-json\/wp\/v2\/media?parent=4940"}],"curies":[{"name":"wp","href":"https:\/\/api.w.org\/{rel}","templated":true}]}}