{"id":4950,"date":"2024-04-28T09:02:32","date_gmt":"2024-04-28T08:02:32","guid":{"rendered":"https:\/\/fullcontrolgroup.com\/?page_id=4950"},"modified":"2024-05-01T21:11:11","modified_gmt":"2024-05-01T20:11:11","slug":"vente-en-ligne-de-materiel-informatique","status":"publish","type":"page","link":"https:\/\/fullcontrolgroup.com\/index.php\/vente-en-ligne-de-materiel-informatique\/","title":{"rendered":"Vente en ligne de mat\u00e9riel informatique"},"content":{"rendered":"\t\t<div data-elementor-type=\"wp-page\" data-elementor-id=\"4950\" class=\"elementor elementor-4950\">\n\t\t\t\t\t\t\t        <section class=\"elementor-section elementor-top-section elementor-element elementor-element-49d5a33 elementor-section-boxed elementor-section-height-default elementor-section-height-default ct-header-fixed-none ct-row-max-none\" data-id=\"49d5a33\" data-element_type=\"section\">\n            \n                        <div class=\"elementor-container elementor-column-gap-default \">\n                    <div class=\"elementor-column elementor-col-50 elementor-top-column elementor-element elementor-element-30dcfe7 elementor-invisible\" data-id=\"30dcfe7\" data-element_type=\"column\" data-settings=\"{&quot;animation&quot;:&quot;zoomIn&quot;}\">\n            <div class=\"elementor-widget-wrap elementor-element-populated\">\n                        \t\t<div class=\"elementor-element elementor-element-f74d771 elementor-widget elementor-widget-image\" data-id=\"f74d771\" data-element_type=\"widget\" data-widget_type=\"image.default\">\n\t\t\t\t<div class=\"elementor-widget-container\">\n\t\t\t<style>\/*! elementor - v3.14.0 - 26-06-2023 *\/\n.elementor-widget-image{text-align:center}.elementor-widget-image a{display:inline-block}.elementor-widget-image a img[src$=\".svg\"]{width:48px}.elementor-widget-image img{vertical-align:middle;display:inline-block}<\/style>\t\t\t\t\t\t\t\t\t\t\t\t<img decoding=\"async\" width=\"640\" height=\"427\" src=\"https:\/\/fullcontrolgroup.com\/wp-content\/uploads\/2024\/05\/AdobeStock_95364425-scaled-1-1024x683.jpeg\" class=\"attachment-large size-large wp-image-5191\" alt=\"\" srcset=\"https:\/\/fullcontrolgroup.com\/wp-content\/uploads\/2024\/05\/AdobeStock_95364425-scaled-1-1024x683.jpeg 1024w, https:\/\/fullcontrolgroup.com\/wp-content\/uploads\/2024\/05\/AdobeStock_95364425-scaled-1-600x400.jpeg 600w, https:\/\/fullcontrolgroup.com\/wp-content\/uploads\/2024\/05\/AdobeStock_95364425-scaled-1-300x200.jpeg 300w, https:\/\/fullcontrolgroup.com\/wp-content\/uploads\/2024\/05\/AdobeStock_95364425-scaled-1-768x512.jpeg 768w, https:\/\/fullcontrolgroup.com\/wp-content\/uploads\/2024\/05\/AdobeStock_95364425-scaled-1-1536x1025.jpeg 1536w, https:\/\/fullcontrolgroup.com\/wp-content\/uploads\/2024\/05\/AdobeStock_95364425-scaled-1-2048x1366.jpeg 2048w\" sizes=\"(max-width: 640px) 100vw, 640px\" \/>\t\t\t\t\t\t\t\t\t\t\t\t\t\t\t<\/div>\n\t\t\t\t<\/div>\n\t\t            <\/div>\n        <\/div>\n                <div class=\"elementor-column elementor-col-50 elementor-top-column elementor-element elementor-element-9a3188b elementor-invisible\" data-id=\"9a3188b\" data-element_type=\"column\" data-settings=\"{&quot;background_background&quot;:&quot;classic&quot;,&quot;animation&quot;:&quot;fadeInRight&quot;}\">\n            <div class=\"elementor-widget-wrap elementor-element-populated\">\n                        \t\t<div class=\"elementor-element elementor-element-e04d831 elementor-widget elementor-widget-ct_text_editor\" data-id=\"e04d831\" data-element_type=\"widget\" data-widget_type=\"ct_text_editor.default\">\n\t\t\t\t<div class=\"elementor-widget-container\">\n\t\t\t<div id=\"ct_text_editor-e04d831\" class=\"ct-text-editor \" data-wow-delay=\"ms\">\n\t<div class=\"ct-inline-css\"  data-css=\"\n        \t\t\">\n\n    <\/div>\n\t<div class=\"ct-text-editor elementor-clearfix\">\n\t\t<div><strong>Mat\u00e9riels informatiques\u00a0<\/strong><\/div><ul><li>Mat\u00e9riels Solaires<\/li><li>\u00c9lectroniques<\/li><li>\u00c9lectrom\u00e9nagers<\/li><li>Mat\u00e9riels \u00e9lectriques\u00a0\u00a0<\/li><\/ul><div><strong>Vente et Installation de mat\u00e9riels solaires :<\/strong><\/div><ul><li>Panneaux Solaires<\/li><li>R\u00e9gulateurs<\/li><li>Convertisseurs simples et Hybride<\/li><li>Supports panneaux et batteries\u00a0<\/li><li>Divers<\/li><\/ul>\t\t\n\t<\/div>\n<\/div>\t\t<\/div>\n\t\t\t\t<\/div>\n\t\t\t\t<div class=\"elementor-element elementor-element-8e3bbfb elementor-widget elementor-widget-ct_button\" data-id=\"8e3bbfb\" data-element_type=\"widget\" data-widget_type=\"ct_button.default\">\n\t\t\t\t<div class=\"elementor-widget-container\">\n\t\t\t<div class=\"ct-button-wrapper ct-button-layout1 icon- btn--inline \">\r\n            <span class=\"ct-icon-active\"><\/span>\r\n        <a href=\"https:\/\/fullcontrolgroup.com\/wp-admin\/post.php?post=5081&amp;action=elementor\" class=\"btn btn-default icon-active btn-inline-block  \" data-wow-delay=\"ms\">\r\n                            <span class=\"ct-button-icon ct-align-icon-\">\r\n                            <\/span>\r\n                <span class=\"ct-button-text\">Obtenez un devis<\/span>\r\n    <\/a>\r\n<\/div>\t\t<\/div>\n\t\t\t\t<\/div>\n\t\t            <\/div>\n        <\/div>\n                            <\/div>\n        <\/section>\n                <section class=\"elementor-section elementor-top-section elementor-element elementor-element-42287cb elementor-section-boxed elementor-section-height-default elementor-section-height-default ct-header-fixed-none ct-row-max-none\" data-id=\"42287cb\" data-element_type=\"section\">\n            \n                        <div class=\"elementor-container elementor-column-gap-default \">\n                    <div class=\"elementor-column elementor-col-100 elementor-top-column elementor-element elementor-element-32ea871\" data-id=\"32ea871\" data-element_type=\"column\">\n            <div class=\"elementor-widget-wrap elementor-element-populated\">\n                        \t\t<div class=\"elementor-element elementor-element-78c0b41 elementor-widget elementor-widget-ct_heading\" data-id=\"78c0b41\" data-element_type=\"widget\" data-widget_type=\"ct_heading.default\">\n\t\t\t\t<div class=\"elementor-widget-container\">\n\t\t\t<div class=\"ct-heading h-align-  sub-style1 ct-heading-left item-st-default\">\r\n\t    <h5 class=\"item--title st-default \" data-wow-delay=\"ms\">\r\n                <span class=\"sp-main\">\r\n            \r\n            Cat\u00e9gories de vente en ligne\r\n            \r\n                    <\/span>\r\n            <\/h5>\r\n<\/div>\t\t<\/div>\n\t\t\t\t<\/div>\n\t\t            <\/div>\n        <\/div>\n                            <\/div>\n        <\/section>\n                <section class=\"elementor-section elementor-top-section elementor-element elementor-element-b852a34 elementor-section-boxed elementor-section-height-default elementor-section-height-default ct-header-fixed-none ct-row-max-none\" data-id=\"b852a34\" data-element_type=\"section\">\n            \n                        <div class=\"elementor-container elementor-column-gap-default \">\n                    <div class=\"elementor-column elementor-col-100 elementor-top-column elementor-element elementor-element-358a39d\" data-id=\"358a39d\" data-element_type=\"column\">\n            <div class=\"elementor-widget-wrap elementor-element-populated\">\n                        \t\t<div class=\"elementor-element elementor-element-8337281 elementor-widget elementor-widget-ct_text_editor\" data-id=\"8337281\" data-element_type=\"widget\" data-widget_type=\"ct_text_editor.default\">\n\t\t\t\t<div class=\"elementor-widget-container\">\n\t\t\t<div id=\"ct_text_editor-8337281\" class=\"ct-text-editor \" data-wow-delay=\"ms\">\n\t<div class=\"ct-inline-css\"  data-css=\"\n        \t\t\">\n\n    <\/div>\n\t<div class=\"ct-text-editor elementor-clearfix\">\n\t\t<div class=\"w-full text-token-text-primary\" dir=\"auto\" data-testid=\"conversation-turn-24\"><div class=\"px-4 py-2 justify-center text-base md:gap-6 m-auto\"><div class=\"flex flex-1 text-base mx-auto gap-3 juice:gap-4 juice:md:gap-6 md:px-5 lg:px-1 xl:px-5 md:max-w-3xl lg:max-w-[40rem] xl:max-w-[48rem]\"><div class=\"relative flex w-full min-w-0 flex-col\"><div class=\"flex-col gap-1 md:gap-3\"><div class=\"flex flex-grow flex-col max-w-full\"><div class=\"min-h-[20px] text-message flex flex-col items-start gap-3 whitespace-pre-wrap break-words [.text-message+&amp;]:mt-5 overflow-x-auto\" dir=\"auto\" data-message-author-role=\"user\" data-message-id=\"aaa22760-9a11-499f-99f8-0d0c86b91bf9\"><div class=\"\"><ul><li>Mat\u00e9riels informatiques<\/li><li>Mat\u00e9riels solaires<\/li><li>\u00c9lectroniques<\/li><li>\u00c9lectrom\u00e9nagers<\/li><li>Mat\u00e9riels \u00e9lectriques<\/li><\/ul><\/div><\/div><\/div><\/div><\/div><\/div><\/div><\/div>\t\t\n\t<\/div>\n<\/div>\t\t<\/div>\n\t\t\t\t<\/div>\n\t\t            <\/div>\n        <\/div>\n                            <\/div>\n        <\/section>\n        \t\t\t\t\t<\/div>\n\t\t","protected":false},"excerpt":{"rendered":"<p>Mat\u00e9riels informatiques\u00a0 Mat\u00e9riels Solaires \u00c9lectroniques \u00c9lectrom\u00e9nagers Mat\u00e9riels \u00e9lectriques\u00a0\u00a0 Vente et Installation de mat\u00e9riels solaires : Panneaux Solaires R\u00e9gulateurs Convertisseurs simples et Hybride Supports panneaux et batteries\u00a0 Divers Obtenez un devis Cat\u00e9gories de vente en ligne Mat\u00e9riels informatiques Mat\u00e9riels solaires \u00c9lectroniques \u00c9lectrom\u00e9nagers Mat\u00e9riels \u00e9lectriques<\/p>\n","protected":false},"author":2,"featured_media":0,"parent":0,"menu_order":0,"comment_status":"closed","ping_status":"closed","template":"","meta":{"footnotes":""},"class_list":["post-4950","page","type-page","status-publish","hentry"],"_links":{"self":[{"href":"https:\/\/fullcontrolgroup.com\/index.php\/wp-json\/wp\/v2\/pages\/4950","targetHints":{"allow":["GET"]}}],"collection":[{"href":"https:\/\/fullcontrolgroup.com\/index.php\/wp-json\/wp\/v2\/pages"}],"about":[{"href":"https:\/\/fullcontrolgroup.com\/index.php\/wp-json\/wp\/v2\/types\/page"}],"author":[{"embeddable":true,"href":"https:\/\/fullcontrolgroup.com\/index.php\/wp-json\/wp\/v2\/users\/2"}],"replies":[{"embeddable":true,"href":"https:\/\/fullcontrolgroup.com\/index.php\/wp-json\/wp\/v2\/comments?post=4950"}],"version-history":[{"count":22,"href":"https:\/\/fullcontrolgroup.com\/index.php\/wp-json\/wp\/v2\/pages\/4950\/revisions"}],"predecessor-version":[{"id":5197,"href":"https:\/\/fullcontrolgroup.com\/index.php\/wp-json\/wp\/v2\/pages\/4950\/revisions\/5197"}],"wp:attachment":[{"href":"https:\/\/fullcontrolgroup.com\/index.php\/wp-json\/wp\/v2\/media?parent=4950"}],"curies":[{"name":"wp","href":"https:\/\/api.w.org\/{rel}","templated":true}]}}