{"id":5201,"date":"2024-05-02T15:15:39","date_gmt":"2024-05-02T14:15:39","guid":{"rendered":"https:\/\/fullcontrolgroup.com\/?post_type=product&#038;p=5201"},"modified":"2024-05-02T15:15:39","modified_gmt":"2024-05-02T14:15:39","slug":"lecteur-flash","status":"publish","type":"product","link":"https:\/\/fullcontrolgroup.com\/index.php\/product\/lecteur-flash\/","title":{"rendered":"Lecteur Flash"},"content":{"rendered":"","protected":false},"excerpt":{"rendered":"<p>Bienvenue dans notre collection de cl\u00e9s USB, o\u00f9 la commodit\u00e9 rencontre la polyvalence dans la paume de votre main. Une cl\u00e9 USB, \u00e9galement appel\u00e9e cl\u00e9 USB ou cl\u00e9 USB, est un p\u00e9riph\u00e9rique de stockage compact et portable con\u00e7u pour stocker et transf\u00e9rer vos donn\u00e9es num\u00e9riques sans effort.<\/p>\n","protected":false},"featured_media":5202,"comment_status":"open","ping_status":"closed","template":"","meta":[],"product_cat":[47],"product_tag":[],"class_list":{"0":"post-5201","1":"product","2":"type-product","3":"status-publish","4":"has-post-thumbnail","6":"product_cat-materiels-informatiques","8":"first","9":"instock","10":"shipping-taxable","11":"purchasable","12":"product-type-simple"},"_links":{"self":[{"href":"https:\/\/fullcontrolgroup.com\/index.php\/wp-json\/wp\/v2\/product\/5201","targetHints":{"allow":["GET"]}}],"collection":[{"href":"https:\/\/fullcontrolgroup.com\/index.php\/wp-json\/wp\/v2\/product"}],"about":[{"href":"https:\/\/fullcontrolgroup.com\/index.php\/wp-json\/wp\/v2\/types\/product"}],"replies":[{"embeddable":true,"href":"https:\/\/fullcontrolgroup.com\/index.php\/wp-json\/wp\/v2\/comments?post=5201"}],"wp:featuredmedia":[{"embeddable":true,"href":"https:\/\/fullcontrolgroup.com\/index.php\/wp-json\/wp\/v2\/media\/5202"}],"wp:attachment":[{"href":"https:\/\/fullcontrolgroup.com\/index.php\/wp-json\/wp\/v2\/media?parent=5201"}],"wp:term":[{"taxonomy":"product_cat","embeddable":true,"href":"https:\/\/fullcontrolgroup.com\/index.php\/wp-json\/wp\/v2\/product_cat?post=5201"},{"taxonomy":"product_tag","embeddable":true,"href":"https:\/\/fullcontrolgroup.com\/index.php\/wp-json\/wp\/v2\/product_tag?post=5201"}],"curies":[{"name":"wp","href":"https:\/\/api.w.org\/{rel}","templated":true}]}}