{"id":5203,"date":"2024-05-02T15:23:16","date_gmt":"2024-05-02T14:23:16","guid":{"rendered":"https:\/\/fullcontrolgroup.com\/?post_type=product&#038;p=5203"},"modified":"2024-05-02T15:23:16","modified_gmt":"2024-05-02T14:23:16","slug":"refrigerateur","status":"publish","type":"product","link":"https:\/\/fullcontrolgroup.com\/index.php\/product\/refrigerateur\/","title":{"rendered":"R\u00e9frig\u00e9rateur"},"content":{"rendered":"<p>Dites adieu aux \u00e9tag\u00e8res encombr\u00e9es et aux tiroirs d\u00e9sorganis\u00e9s gr\u00e2ce aux solutions de rangement flexibles de nos r\u00e9frig\u00e9rateurs. Des tablettes r\u00e9glables, des balconnets de porte spacieux et des compartiments polyvalents vous permettent de ranger et d&#8217;organiser vos courses en toute simplicit\u00e9.<\/p>\n","protected":false},"excerpt":{"rendered":"<p>Bienvenue dans notre collection de r\u00e9frig\u00e9rateurs, o\u00f9 l&#8217;innovation rencontre l&#8217;\u00e9l\u00e9gance pour r\u00e9volutionner votre exp\u00e9rience en cuisine. Un r\u00e9frig\u00e9rateur est plus qu\u2019un simple appareil \u00e9lectrom\u00e9nager\u00a0; c&#8217;est le c\u0153ur de votre cuisine, gardant vos aliments frais, vos boissons froides et vos ingr\u00e9dients organis\u00e9s pour l&#8217;excellence culinaire.<\/p>\n","protected":false},"featured_media":5204,"comment_status":"open","ping_status":"closed","template":"","meta":[],"product_cat":[48],"product_tag":[],"class_list":{"0":"post-5203","1":"product","2":"type-product","3":"status-publish","4":"has-post-thumbnail","6":"product_cat-electronique-et-electromenager","8":"first","9":"instock","10":"shipping-taxable","11":"purchasable","12":"product-type-simple"},"_links":{"self":[{"href":"https:\/\/fullcontrolgroup.com\/index.php\/wp-json\/wp\/v2\/product\/5203","targetHints":{"allow":["GET"]}}],"collection":[{"href":"https:\/\/fullcontrolgroup.com\/index.php\/wp-json\/wp\/v2\/product"}],"about":[{"href":"https:\/\/fullcontrolgroup.com\/index.php\/wp-json\/wp\/v2\/types\/product"}],"replies":[{"embeddable":true,"href":"https:\/\/fullcontrolgroup.com\/index.php\/wp-json\/wp\/v2\/comments?post=5203"}],"wp:featuredmedia":[{"embeddable":true,"href":"https:\/\/fullcontrolgroup.com\/index.php\/wp-json\/wp\/v2\/media\/5204"}],"wp:attachment":[{"href":"https:\/\/fullcontrolgroup.com\/index.php\/wp-json\/wp\/v2\/media?parent=5203"}],"wp:term":[{"taxonomy":"product_cat","embeddable":true,"href":"https:\/\/fullcontrolgroup.com\/index.php\/wp-json\/wp\/v2\/product_cat?post=5203"},{"taxonomy":"product_tag","embeddable":true,"href":"https:\/\/fullcontrolgroup.com\/index.php\/wp-json\/wp\/v2\/product_tag?post=5203"}],"curies":[{"name":"wp","href":"https:\/\/api.w.org\/{rel}","templated":true}]}}