{"id":5207,"date":"2024-05-02T15:32:04","date_gmt":"2024-05-02T14:32:04","guid":{"rendered":"https:\/\/fullcontrolgroup.com\/?post_type=product&#038;p=5207"},"modified":"2024-05-02T15:32:04","modified_gmt":"2024-05-02T14:32:04","slug":"routeurs","status":"publish","type":"product","link":"https:\/\/fullcontrolgroup.com\/index.php\/product\/routeurs\/","title":{"rendered":"Routeurs"},"content":{"rendered":"<p>Nos routeurs offrent des vitesses Wi-Fi ultra-rapides, vous permettant de diffuser des vid\u00e9os HD, de jouer \u00e0 des jeux en ligne et de tenir des vid\u00e9oconf\u00e9rences en toute simplicit\u00e9. Dot\u00e9s des derni\u00e8res normes Wi-Fi et des technologies avanc\u00e9es, nos routeurs garantissent un acc\u00e8s Internet fluide et ininterrompu pour toutes vos activit\u00e9s en ligne.<\/p>\n","protected":false},"excerpt":{"rendered":"<p>Bienvenue dans notre collection de routeurs, o\u00f9 l&#8217;innovation rencontre la fiabilit\u00e9 pour r\u00e9volutionner la fa\u00e7on dont vous vous connectez \u00e0 Internet. Un routeur est plus qu\u2019un simple appareil\u00a0; c&#8217;est l&#8217;\u00e9pine dorsale de votre r\u00e9seau, offrant une connectivit\u00e9 transparente \u00e0 tous vos appareils et applications.<\/p>\n","protected":false},"featured_media":5208,"comment_status":"open","ping_status":"closed","template":"","meta":[],"product_cat":[50],"product_tag":[],"class_list":{"0":"post-5207","1":"product","2":"type-product","3":"status-publish","4":"has-post-thumbnail","6":"product_cat-equipement-reseau","8":"first","9":"instock","10":"shipping-taxable","11":"purchasable","12":"product-type-simple"},"_links":{"self":[{"href":"https:\/\/fullcontrolgroup.com\/index.php\/wp-json\/wp\/v2\/product\/5207","targetHints":{"allow":["GET"]}}],"collection":[{"href":"https:\/\/fullcontrolgroup.com\/index.php\/wp-json\/wp\/v2\/product"}],"about":[{"href":"https:\/\/fullcontrolgroup.com\/index.php\/wp-json\/wp\/v2\/types\/product"}],"replies":[{"embeddable":true,"href":"https:\/\/fullcontrolgroup.com\/index.php\/wp-json\/wp\/v2\/comments?post=5207"}],"wp:featuredmedia":[{"embeddable":true,"href":"https:\/\/fullcontrolgroup.com\/index.php\/wp-json\/wp\/v2\/media\/5208"}],"wp:attachment":[{"href":"https:\/\/fullcontrolgroup.com\/index.php\/wp-json\/wp\/v2\/media?parent=5207"}],"wp:term":[{"taxonomy":"product_cat","embeddable":true,"href":"https:\/\/fullcontrolgroup.com\/index.php\/wp-json\/wp\/v2\/product_cat?post=5207"},{"taxonomy":"product_tag","embeddable":true,"href":"https:\/\/fullcontrolgroup.com\/index.php\/wp-json\/wp\/v2\/product_tag?post=5207"}],"curies":[{"name":"wp","href":"https:\/\/api.w.org\/{rel}","templated":true}]}}