{"id":5209,"date":"2024-05-02T15:37:22","date_gmt":"2024-05-02T14:37:22","guid":{"rendered":"https:\/\/fullcontrolgroup.com\/?post_type=product&#038;p=5209"},"modified":"2024-05-02T15:37:22","modified_gmt":"2024-05-02T14:37:22","slug":"appareil-photo-numerique","status":"publish","type":"product","link":"https:\/\/fullcontrolgroup.com\/index.php\/product\/appareil-photo-numerique\/","title":{"rendered":"Appareil photo num\u00e9rique"},"content":{"rendered":"<p>Restez inform\u00e9 et gardez le contr\u00f4le gr\u00e2ce aux fonctionnalit\u00e9s de d\u00e9tection de mouvement et d\u2019alerte de nos cam\u00e9ras. Recevez des notifications instantan\u00e9es sur votre smartphone ou tablette chaque fois qu&#8217;un mouvement est d\u00e9tect\u00e9, vous permettant de prendre des mesures imm\u00e9diates et d&#8217;avoir une longueur d&#8217;avance sur les menaces potentielles.<\/p>\n","protected":false},"excerpt":{"rendered":"<p>Nos cam\u00e9ras de s\u00e9curit\u00e9 assurent une surveillance 24 heures sur 24, vous permettant ainsi de surveiller votre propri\u00e9t\u00e9 \u00e0 tout moment. Avec une qualit\u00e9 vid\u00e9o haute d\u00e9finition et des capacit\u00e9s de vision nocturne, nos cam\u00e9ras capturent des images claires et d\u00e9taill\u00e9es, de jour comme de nuit, qu&#8217;il pleuve ou qu&#8217;il fasse beau.<\/p>\n","protected":false},"featured_media":5210,"comment_status":"open","ping_status":"closed","template":"","meta":[],"product_cat":[51],"product_tag":[],"class_list":{"0":"post-5209","1":"product","2":"type-product","3":"status-publish","4":"has-post-thumbnail","6":"product_cat-equipement-de-securite-du-si","8":"first","9":"instock","10":"shipping-taxable","11":"purchasable","12":"product-type-simple"},"_links":{"self":[{"href":"https:\/\/fullcontrolgroup.com\/index.php\/wp-json\/wp\/v2\/product\/5209","targetHints":{"allow":["GET"]}}],"collection":[{"href":"https:\/\/fullcontrolgroup.com\/index.php\/wp-json\/wp\/v2\/product"}],"about":[{"href":"https:\/\/fullcontrolgroup.com\/index.php\/wp-json\/wp\/v2\/types\/product"}],"replies":[{"embeddable":true,"href":"https:\/\/fullcontrolgroup.com\/index.php\/wp-json\/wp\/v2\/comments?post=5209"}],"wp:featuredmedia":[{"embeddable":true,"href":"https:\/\/fullcontrolgroup.com\/index.php\/wp-json\/wp\/v2\/media\/5210"}],"wp:attachment":[{"href":"https:\/\/fullcontrolgroup.com\/index.php\/wp-json\/wp\/v2\/media?parent=5209"}],"wp:term":[{"taxonomy":"product_cat","embeddable":true,"href":"https:\/\/fullcontrolgroup.com\/index.php\/wp-json\/wp\/v2\/product_cat?post=5209"},{"taxonomy":"product_tag","embeddable":true,"href":"https:\/\/fullcontrolgroup.com\/index.php\/wp-json\/wp\/v2\/product_tag?post=5209"}],"curies":[{"name":"wp","href":"https:\/\/api.w.org\/{rel}","templated":true}]}}