{"id":5213,"date":"2024-05-02T15:53:08","date_gmt":"2024-05-02T14:53:08","guid":{"rendered":"https:\/\/fullcontrolgroup.com\/?post_type=product&#038;p=5213"},"modified":"2024-05-02T15:53:08","modified_gmt":"2024-05-02T14:53:08","slug":"je-p-cameras","status":"publish","type":"product","link":"https:\/\/fullcontrolgroup.com\/index.php\/product\/je-p-cameras\/","title":{"rendered":"Je p cam\u00e9ras"},"content":{"rendered":"<p>Nos cam\u00e9ras IP fournissent des s\u00e9quences vid\u00e9o haute d\u00e9finition nettes et claires, vous permettant de capturer chaque d\u00e9tail avec une clart\u00e9 exceptionnelle. Que vous surveilliez votre maison, votre bureau ou vos locaux professionnels, nos cam\u00e9ras vous garantissent \u00e0 tout moment une vision claire de votre environnement.<\/p>\n","protected":false},"excerpt":{"rendered":"<p>Bienvenue dans notre collection de cam\u00e9ras IP, o\u00f9 la technologie de pointe rencontre la tranquillit\u00e9 d&#8217;esprit pour r\u00e9volutionner votre exp\u00e9rience de surveillance. Les cam\u00e9ras IP, \u00e9galement appel\u00e9es cam\u00e9ras r\u00e9seau, offrent des fonctionnalit\u00e9s avanc\u00e9es qui vont au-del\u00e0 des cam\u00e9ras de s\u00e9curit\u00e9 traditionnelles, offrant des capacit\u00e9s de vid\u00e9osurveillance et de surveillance \u00e0 distance de haute qualit\u00e9.<\/p>\n","protected":false},"featured_media":5214,"comment_status":"open","ping_status":"closed","template":"","meta":[],"product_cat":[53],"product_tag":[],"class_list":{"0":"post-5213","1":"product","2":"type-product","3":"status-publish","4":"has-post-thumbnail","6":"product_cat-videosurveillance","8":"first","9":"instock","10":"shipping-taxable","11":"purchasable","12":"product-type-simple"},"_links":{"self":[{"href":"https:\/\/fullcontrolgroup.com\/index.php\/wp-json\/wp\/v2\/product\/5213","targetHints":{"allow":["GET"]}}],"collection":[{"href":"https:\/\/fullcontrolgroup.com\/index.php\/wp-json\/wp\/v2\/product"}],"about":[{"href":"https:\/\/fullcontrolgroup.com\/index.php\/wp-json\/wp\/v2\/types\/product"}],"replies":[{"embeddable":true,"href":"https:\/\/fullcontrolgroup.com\/index.php\/wp-json\/wp\/v2\/comments?post=5213"}],"wp:featuredmedia":[{"embeddable":true,"href":"https:\/\/fullcontrolgroup.com\/index.php\/wp-json\/wp\/v2\/media\/5214"}],"wp:attachment":[{"href":"https:\/\/fullcontrolgroup.com\/index.php\/wp-json\/wp\/v2\/media?parent=5213"}],"wp:term":[{"taxonomy":"product_cat","embeddable":true,"href":"https:\/\/fullcontrolgroup.com\/index.php\/wp-json\/wp\/v2\/product_cat?post=5213"},{"taxonomy":"product_tag","embeddable":true,"href":"https:\/\/fullcontrolgroup.com\/index.php\/wp-json\/wp\/v2\/product_tag?post=5213"}],"curies":[{"name":"wp","href":"https:\/\/api.w.org\/{rel}","templated":true}]}}