{"id":5215,"date":"2024-05-02T16:01:03","date_gmt":"2024-05-02T15:01:03","guid":{"rendered":"https:\/\/fullcontrolgroup.com\/?post_type=product&#038;p=5215"},"modified":"2024-05-02T16:01:03","modified_gmt":"2024-05-02T15:01:03","slug":"iphone13","status":"publish","type":"product","link":"https:\/\/fullcontrolgroup.com\/index.php\/product\/iphone13\/","title":{"rendered":"IPhone13"},"content":{"rendered":"<p>Capturez des photos et des vid\u00e9os \u00e9poustouflantes comme jamais auparavant gr\u00e2ce au syst\u00e8me de cam\u00e9ra de qualit\u00e9 professionnelle de l\u2019iPhone 13 Pro. Dot\u00e9 d&#8217;une configuration \u00e0 trois cam\u00e9ras avec des capteurs et des objectifs avanc\u00e9s, dont un objectif grand angle, ultra grand angle et un t\u00e9l\u00e9objectif, l&#8217;iPhone 13 Pro offre une polyvalence et une qualit\u00e9 d&#8217;image in\u00e9gal\u00e9es. Des paysages \u00e0 couper le souffle aux gros plans d\u00e9taill\u00e9s, chaque prise de vue est un chef-d&#8217;\u0153uvre.<\/p>\n","protected":false},"excerpt":{"rendered":"<p>Bienvenue dans le futur de la technologie mobile avec l\u2019iPhone 13 Pro. Con\u00e7u \u00e0 la perfection et dot\u00e9 de fonctionnalit\u00e9s de pointe, l&#8217;iPhone 13 Pro est plus qu&#8217;un simple smartphone : c&#8217;est un compagnon puissant qui am\u00e9liore tous les aspects de votre vie num\u00e9rique.<\/p>\n","protected":false},"featured_media":5216,"comment_status":"open","ping_status":"closed","template":"","meta":[],"product_cat":[54],"product_tag":[],"class_list":{"0":"post-5215","1":"product","2":"type-product","3":"status-publish","4":"has-post-thumbnail","6":"product_cat-telephones","8":"first","9":"instock","10":"shipping-taxable","11":"purchasable","12":"product-type-simple"},"_links":{"self":[{"href":"https:\/\/fullcontrolgroup.com\/index.php\/wp-json\/wp\/v2\/product\/5215","targetHints":{"allow":["GET"]}}],"collection":[{"href":"https:\/\/fullcontrolgroup.com\/index.php\/wp-json\/wp\/v2\/product"}],"about":[{"href":"https:\/\/fullcontrolgroup.com\/index.php\/wp-json\/wp\/v2\/types\/product"}],"replies":[{"embeddable":true,"href":"https:\/\/fullcontrolgroup.com\/index.php\/wp-json\/wp\/v2\/comments?post=5215"}],"wp:featuredmedia":[{"embeddable":true,"href":"https:\/\/fullcontrolgroup.com\/index.php\/wp-json\/wp\/v2\/media\/5216"}],"wp:attachment":[{"href":"https:\/\/fullcontrolgroup.com\/index.php\/wp-json\/wp\/v2\/media?parent=5215"}],"wp:term":[{"taxonomy":"product_cat","embeddable":true,"href":"https:\/\/fullcontrolgroup.com\/index.php\/wp-json\/wp\/v2\/product_cat?post=5215"},{"taxonomy":"product_tag","embeddable":true,"href":"https:\/\/fullcontrolgroup.com\/index.php\/wp-json\/wp\/v2\/product_tag?post=5215"}],"curies":[{"name":"wp","href":"https:\/\/api.w.org\/{rel}","templated":true}]}}