{"id":5217,"date":"2024-05-02T16:09:42","date_gmt":"2024-05-02T15:09:42","guid":{"rendered":"https:\/\/fullcontrolgroup.com\/?post_type=product&#038;p=5217"},"modified":"2024-05-02T16:09:43","modified_gmt":"2024-05-02T15:09:43","slug":"cartouches-dencre","status":"publish","type":"product","link":"https:\/\/fullcontrolgroup.com\/index.php\/product\/cartouches-dencre\/","title":{"rendered":"Cartouches d&#8217;encre."},"content":{"rendered":"<p>Nos cartouches InkMaster sont remplies de formules d&#8217;encre de qualit\u00e9 sup\u00e9rieure qui produisent des impressions nettes et r\u00e9sistantes aux taches. Que vous imprimiez des documents texte, des graphiques color\u00e9s ou des photos haute r\u00e9solution, nos cartouches d&#8217;encre offrent syst\u00e9matiquement des r\u00e9sultats exceptionnels, page apr\u00e8s page.<\/p>\n","protected":false},"excerpt":{"rendered":"<p>Bienvenue dans notre collection de cartouches InkMaster, o\u00f9 la qualit\u00e9 rencontre le prix abordable pour fournir des r\u00e9sultats d&#8217;impression exceptionnels. Nos cartouches d&#8217;encre sont m\u00e9ticuleusement con\u00e7ues pour produire des impressions nettes et \u00e9clatantes \u00e0 chaque utilisation, garantissant ainsi que vos documents et photos soient \u00e0 leur meilleur, que ce soit pour un usage personnel ou professionnel.<\/p>\n","protected":false},"featured_media":5218,"comment_status":"open","ping_status":"closed","template":"","meta":[],"product_cat":[55],"product_tag":[],"class_list":{"0":"post-5217","1":"product","2":"type-product","3":"status-publish","4":"has-post-thumbnail","6":"product_cat-consommables","8":"first","9":"instock","10":"shipping-taxable","11":"purchasable","12":"product-type-simple"},"_links":{"self":[{"href":"https:\/\/fullcontrolgroup.com\/index.php\/wp-json\/wp\/v2\/product\/5217","targetHints":{"allow":["GET"]}}],"collection":[{"href":"https:\/\/fullcontrolgroup.com\/index.php\/wp-json\/wp\/v2\/product"}],"about":[{"href":"https:\/\/fullcontrolgroup.com\/index.php\/wp-json\/wp\/v2\/types\/product"}],"replies":[{"embeddable":true,"href":"https:\/\/fullcontrolgroup.com\/index.php\/wp-json\/wp\/v2\/comments?post=5217"}],"wp:featuredmedia":[{"embeddable":true,"href":"https:\/\/fullcontrolgroup.com\/index.php\/wp-json\/wp\/v2\/media\/5218"}],"wp:attachment":[{"href":"https:\/\/fullcontrolgroup.com\/index.php\/wp-json\/wp\/v2\/media?parent=5217"}],"wp:term":[{"taxonomy":"product_cat","embeddable":true,"href":"https:\/\/fullcontrolgroup.com\/index.php\/wp-json\/wp\/v2\/product_cat?post=5217"},{"taxonomy":"product_tag","embeddable":true,"href":"https:\/\/fullcontrolgroup.com\/index.php\/wp-json\/wp\/v2\/product_tag?post=5217"}],"curies":[{"name":"wp","href":"https:\/\/api.w.org\/{rel}","templated":true}]}}